{"id":2317,"date":"2023-02-02T11:09:06","date_gmt":"2023-02-02T10:09:06","guid":{"rendered":"https:\/\/vilolimpiezastecnicas.es\/contact\/"},"modified":"2023-08-02T13:28:37","modified_gmt":"2023-08-02T11:28:37","slug":"contact","status":"publish","type":"page","link":"https:\/\/vilolimpiezastecnicas.es\/en\/contact\/","title":{"rendered":"Contact"},"content":{"rendered":"\t\t<div data-elementor-type=\"wp-page\" data-elementor-id=\"2317\" class=\"elementor elementor-2317 elementor-631\" data-elementor-post-type=\"page\">\n\t\t\t\t\t\t<section class=\"elementor-section elementor-top-section elementor-element elementor-element-6f18e12 elementor-section-boxed elementor-section-height-default elementor-section-height-default\" data-id=\"6f18e12\" data-element_type=\"section\" data-settings=\"{&quot;jet_parallax_layout_list&quot;:[],&quot;background_background&quot;:&quot;classic&quot;}\">\n\t\t\t\t\t\t\t<div class=\"elementor-background-overlay\"><\/div>\n\t\t\t\t\t\t\t<div class=\"elementor-container elementor-column-gap-default\">\n\t\t\t\t\t<div class=\"elementor-column elementor-col-50 elementor-top-column elementor-element elementor-element-4db6029\" data-id=\"4db6029\" data-element_type=\"column\">\n\t\t\t<div class=\"elementor-widget-wrap elementor-element-populated\">\n\t\t\t\t\t\t<div class=\"elementor-element elementor-element-ff2181b elementor-headline--style-highlight elementor-widget elementor-widget-animated-headline\" data-id=\"ff2181b\" data-element_type=\"widget\" data-settings=\"{&quot;marker&quot;:&quot;strikethrough&quot;,&quot;highlighted_text&quot;:&quot;help you?&quot;,&quot;headline_style&quot;:&quot;highlight&quot;,&quot;loop&quot;:&quot;yes&quot;,&quot;highlight_animation_duration&quot;:1200,&quot;highlight_iteration_delay&quot;:8000}\" data-widget_type=\"animated-headline.default\">\n\t\t\t\t<div class=\"elementor-widget-container\">\n\t\t\t\t\t\t\t<h3 class=\"elementor-headline\">\n\t\t\t\t\t<span class=\"elementor-headline-plain-text elementor-headline-text-wrapper\">How can we<\/span>\n\t\t\t\t<span class=\"elementor-headline-dynamic-wrapper elementor-headline-text-wrapper\">\n\t\t\t\t\t<span class=\"elementor-headline-dynamic-text elementor-headline-text-active\">help you?<\/span>\n\t\t\t\t<\/span>\n\t\t\t\t<\/h3>\n\t\t\t\t\t\t<\/div>\n\t\t\t\t<\/div>\n\t\t\t\t<div class=\"elementor-element elementor-element-bceb321 elementor-widget elementor-widget-text-editor\" data-id=\"bceb321\" data-element_type=\"widget\" data-widget_type=\"text-editor.default\">\n\t\t\t\t<div class=\"elementor-widget-container\">\n\t\t\t\t\t\t\t\t\tYou can contact us using the following details or by completing the contact form below:\r\n\r\n\t\t\t\t\t\t\t\t<\/div>\n\t\t\t\t<\/div>\n\t\t\t\t<div class=\"elementor-element elementor-element-66288b1 elementor-icon-list--layout-traditional elementor-list-item-link-full_width elementor-widget elementor-widget-icon-list\" data-id=\"66288b1\" data-element_type=\"widget\" data-widget_type=\"icon-list.default\">\n\t\t\t\t<div class=\"elementor-widget-container\">\n\t\t\t\t\t\t\t<ul class=\"elementor-icon-list-items\">\n\t\t\t\t\t\t\t<li class=\"elementor-icon-list-item\">\n\t\t\t\t\t\t\t\t\t\t\t<span class=\"elementor-icon-list-icon\">\n\t\t\t\t\t\t\t<i aria-hidden=\"true\" class=\"fas fa-envelope\"><\/i>\t\t\t\t\t\t<\/span>\n\t\t\t\t\t\t\t\t\t\t<span class=\"elementor-icon-list-text\">info@vilomediterraneo.es<\/span>\n\t\t\t\t\t\t\t\t\t<\/li>\n\t\t\t\t\t\t\t\t<li class=\"elementor-icon-list-item\">\n\t\t\t\t\t\t\t\t\t\t\t<span class=\"elementor-icon-list-icon\">\n\t\t\t\t\t\t\t<i aria-hidden=\"true\" class=\"fas fa-phone-alt\"><\/i>\t\t\t\t\t\t<\/span>\n\t\t\t\t\t\t\t\t\t\t<span class=\"elementor-icon-list-text\">Tel: 900 877 910<\/span>\n\t\t\t\t\t\t\t\t\t<\/li>\n\t\t\t\t\t\t\t\t<li class=\"elementor-icon-list-item\">\n\t\t\t\t\t\t\t\t\t\t\t<span class=\"elementor-icon-list-icon\">\n\t\t\t\t\t\t\t<i aria-hidden=\"true\" class=\"fas fa-map-marker-alt\"><\/i>\t\t\t\t\t\t<\/span>\n\t\t\t\t\t\t\t\t\t\t<span class=\"elementor-icon-list-text\">C\/ Islas Canarias, 29 07180 Calvi\u00e0 (Mallorca, Balearic Islands)<\/span>\n\t\t\t\t\t\t\t\t\t<\/li>\n\t\t\t\t\t\t<\/ul>\n\t\t\t\t\t\t<\/div>\n\t\t\t\t<\/div>\n\t\t\t\t\t<\/div>\n\t\t<\/div>\n\t\t\t\t<div class=\"elementor-column elementor-col-50 elementor-top-column elementor-element elementor-element-622af44\" data-id=\"622af44\" data-element_type=\"column\">\n\t\t\t<div class=\"elementor-widget-wrap elementor-element-populated\">\n\t\t\t\t\t\t<div class=\"elementor-element elementor-element-af5dc43 elementor-widget elementor-widget-google_maps\" data-id=\"af5dc43\" data-element_type=\"widget\" data-widget_type=\"google_maps.default\">\n\t\t\t\t<div class=\"elementor-widget-container\">\n\t\t\t\t\t\t\t<div class=\"elementor-custom-embed\">\n\t\t\t<iframe loading=\"lazy\"\n\t\t\t\t\tsrc=\"https:\/\/maps.google.com\/maps?q=VILO%20Limpiezas%20T%C3%A9cnicas%20Carrer%20Illes%20Can%C3%A0ries%2C%2029%2C%2007180%20Calvi%C3%A0%2C%20Illes%20Balears&#038;t=m&#038;z=10&#038;output=embed&#038;iwloc=near\"\n\t\t\t\t\ttitle=\"VILO Limpiezas T\u00e9cnicas Carrer Illes Can\u00e0ries, 29, 07180 Calvi\u00e0, Illes Balears\"\n\t\t\t\t\taria-label=\"VILO Limpiezas T\u00e9cnicas Carrer Illes Can\u00e0ries, 29, 07180 Calvi\u00e0, Illes Balears\"\n\t\t\t><\/iframe>\n\t\t<\/div>\n\t\t\t\t\t\t<\/div>\n\t\t\t\t<\/div>\n\t\t\t\t\t<\/div>\n\t\t<\/div>\n\t\t\t\t\t<\/div>\n\t\t<\/section>\n\t\t\t\t<\/div>\n\t\t","protected":false},"excerpt":{"rendered":"<p>How can we help you? You can contact us using the following details or by completing the contact form below: info@vilomediterraneo.es Tel: 900 877 910 C\/ Islas Canarias, 29 07180 Calvi\u00e0 (Mallorca, Balearic Islands)<\/p>\n","protected":false},"author":1,"featured_media":0,"parent":0,"menu_order":0,"comment_status":"closed","ping_status":"closed","template":"","meta":{"inline_featured_image":false,"footnotes":""},"class_list":["post-2317","page","type-page","status-publish","hentry"],"yoast_head":"<!-- This site is optimized with the Yoast SEO plugin v26.6 - https:\/\/yoast.com\/wordpress\/plugins\/seo\/ -->\n<title>Contact - Vilo Mediterr\u00e1neo<\/title>\n<meta name=\"robots\" content=\"index, follow, max-snippet:-1, max-image-preview:large, max-video-preview:-1\" \/>\n<link rel=\"canonical\" href=\"https:\/\/vilolimpiezastecnicas.es\/contacto\/\" \/>\n<meta property=\"og:locale\" content=\"en_US\" \/>\n<meta property=\"og:type\" content=\"article\" \/>\n<meta property=\"og:title\" content=\"Contact - Vilo Mediterr\u00e1neo\" \/>\n<meta property=\"og:description\" content=\"How can we help you? You can contact us using the following details or by completing the contact form below: info@vilomediterraneo.es Tel: 900 877 910 C\/ Islas Canarias, 29 07180 Calvi\u00e0 (Mallorca, Balearic Islands)\" \/>\n<meta property=\"og:url\" content=\"https:\/\/vilolimpiezastecnicas.es\/contacto\/\" \/>\n<meta property=\"og:site_name\" content=\"Vilo Mediterr\u00e1neo\" \/>\n<meta property=\"article:modified_time\" content=\"2023-08-02T11:28:37+00:00\" \/>\n<meta property=\"og:image\" content=\"https:\/\/vilolimpiezastecnicas.es\/wp-content\/uploads\/2023\/04\/vilo-imagen-1200.jpg\" \/>\n\t<meta property=\"og:image:width\" content=\"1200\" \/>\n\t<meta property=\"og:image:height\" content=\"675\" \/>\n\t<meta property=\"og:image:type\" content=\"image\/jpeg\" \/>\n<meta name=\"twitter:card\" content=\"summary_large_image\" \/>\n<script type=\"application\/ld+json\" class=\"yoast-schema-graph\">{\"@context\":\"https:\/\/schema.org\",\"@graph\":[{\"@type\":\"WebPage\",\"@id\":\"https:\/\/vilolimpiezastecnicas.es\/contacto\/\",\"url\":\"https:\/\/vilolimpiezastecnicas.es\/contacto\/\",\"name\":\"Contact - Vilo Mediterr\u00e1neo\",\"isPartOf\":{\"@id\":\"https:\/\/vilolimpiezastecnicas.es\/#website\"},\"datePublished\":\"2023-02-02T10:09:06+00:00\",\"dateModified\":\"2023-08-02T11:28:37+00:00\",\"breadcrumb\":{\"@id\":\"https:\/\/vilolimpiezastecnicas.es\/contacto\/#breadcrumb\"},\"inLanguage\":\"en-US\",\"potentialAction\":[{\"@type\":\"ReadAction\",\"target\":[\"https:\/\/vilolimpiezastecnicas.es\/contacto\/\"]}]},{\"@type\":\"BreadcrumbList\",\"@id\":\"https:\/\/vilolimpiezastecnicas.es\/contacto\/#breadcrumb\",\"itemListElement\":[{\"@type\":\"ListItem\",\"position\":1,\"name\":\"Portada\",\"item\":\"https:\/\/vilolimpiezastecnicas.es\/\"},{\"@type\":\"ListItem\",\"position\":2,\"name\":\"Contact\"}]},{\"@type\":\"WebSite\",\"@id\":\"https:\/\/vilolimpiezastecnicas.es\/#website\",\"url\":\"https:\/\/vilolimpiezastecnicas.es\/\",\"name\":\"Vilo Mediterr\u00e1neo\",\"description\":\"Comprometidos con la limpieza total\",\"publisher\":{\"@id\":\"https:\/\/vilolimpiezastecnicas.es\/#organization\"},\"potentialAction\":[{\"@type\":\"SearchAction\",\"target\":{\"@type\":\"EntryPoint\",\"urlTemplate\":\"https:\/\/vilolimpiezastecnicas.es\/?s={search_term_string}\"},\"query-input\":{\"@type\":\"PropertyValueSpecification\",\"valueRequired\":true,\"valueName\":\"search_term_string\"}}],\"inLanguage\":\"en-US\"},{\"@type\":\"Organization\",\"@id\":\"https:\/\/vilolimpiezastecnicas.es\/#organization\",\"name\":\"Vilo Mediterr\u00e1neo\",\"url\":\"https:\/\/vilolimpiezastecnicas.es\/\",\"logo\":{\"@type\":\"ImageObject\",\"inLanguage\":\"en-US\",\"@id\":\"https:\/\/vilolimpiezastecnicas.es\/#\/schema\/logo\/image\/\",\"url\":\"https:\/\/vilolimpiezastecnicas.es\/wp-content\/uploads\/2023\/04\/vilo-imagen-212.jpg\",\"contentUrl\":\"https:\/\/vilolimpiezastecnicas.es\/wp-content\/uploads\/2023\/04\/vilo-imagen-212.jpg\",\"width\":212,\"height\":212,\"caption\":\"Vilo Mediterr\u00e1neo\"},\"image\":{\"@id\":\"https:\/\/vilolimpiezastecnicas.es\/#\/schema\/logo\/image\/\"}}]}<\/script>\n<!-- \/ Yoast SEO plugin. -->","yoast_head_json":{"title":"Contact - Vilo Mediterr\u00e1neo","robots":{"index":"index","follow":"follow","max-snippet":"max-snippet:-1","max-image-preview":"max-image-preview:large","max-video-preview":"max-video-preview:-1"},"canonical":"https:\/\/vilolimpiezastecnicas.es\/contacto\/","og_locale":"en_US","og_type":"article","og_title":"Contact - Vilo Mediterr\u00e1neo","og_description":"How can we help you? You can contact us using the following details or by completing the contact form below: info@vilomediterraneo.es Tel: 900 877 910 C\/ Islas Canarias, 29 07180 Calvi\u00e0 (Mallorca, Balearic Islands)","og_url":"https:\/\/vilolimpiezastecnicas.es\/contacto\/","og_site_name":"Vilo Mediterr\u00e1neo","article_modified_time":"2023-08-02T11:28:37+00:00","og_image":[{"width":1200,"height":675,"url":"https:\/\/vilolimpiezastecnicas.es\/wp-content\/uploads\/2023\/04\/vilo-imagen-1200.jpg","type":"image\/jpeg"}],"twitter_card":"summary_large_image","schema":{"@context":"https:\/\/schema.org","@graph":[{"@type":"WebPage","@id":"https:\/\/vilolimpiezastecnicas.es\/contacto\/","url":"https:\/\/vilolimpiezastecnicas.es\/contacto\/","name":"Contact - Vilo Mediterr\u00e1neo","isPartOf":{"@id":"https:\/\/vilolimpiezastecnicas.es\/#website"},"datePublished":"2023-02-02T10:09:06+00:00","dateModified":"2023-08-02T11:28:37+00:00","breadcrumb":{"@id":"https:\/\/vilolimpiezastecnicas.es\/contacto\/#breadcrumb"},"inLanguage":"en-US","potentialAction":[{"@type":"ReadAction","target":["https:\/\/vilolimpiezastecnicas.es\/contacto\/"]}]},{"@type":"BreadcrumbList","@id":"https:\/\/vilolimpiezastecnicas.es\/contacto\/#breadcrumb","itemListElement":[{"@type":"ListItem","position":1,"name":"Portada","item":"https:\/\/vilolimpiezastecnicas.es\/"},{"@type":"ListItem","position":2,"name":"Contact"}]},{"@type":"WebSite","@id":"https:\/\/vilolimpiezastecnicas.es\/#website","url":"https:\/\/vilolimpiezastecnicas.es\/","name":"Vilo Mediterr\u00e1neo","description":"Comprometidos con la limpieza total","publisher":{"@id":"https:\/\/vilolimpiezastecnicas.es\/#organization"},"potentialAction":[{"@type":"SearchAction","target":{"@type":"EntryPoint","urlTemplate":"https:\/\/vilolimpiezastecnicas.es\/?s={search_term_string}"},"query-input":{"@type":"PropertyValueSpecification","valueRequired":true,"valueName":"search_term_string"}}],"inLanguage":"en-US"},{"@type":"Organization","@id":"https:\/\/vilolimpiezastecnicas.es\/#organization","name":"Vilo Mediterr\u00e1neo","url":"https:\/\/vilolimpiezastecnicas.es\/","logo":{"@type":"ImageObject","inLanguage":"en-US","@id":"https:\/\/vilolimpiezastecnicas.es\/#\/schema\/logo\/image\/","url":"https:\/\/vilolimpiezastecnicas.es\/wp-content\/uploads\/2023\/04\/vilo-imagen-212.jpg","contentUrl":"https:\/\/vilolimpiezastecnicas.es\/wp-content\/uploads\/2023\/04\/vilo-imagen-212.jpg","width":212,"height":212,"caption":"Vilo Mediterr\u00e1neo"},"image":{"@id":"https:\/\/vilolimpiezastecnicas.es\/#\/schema\/logo\/image\/"}}]}},"_links":{"self":[{"href":"https:\/\/vilolimpiezastecnicas.es\/en\/wp-json\/wp\/v2\/pages\/2317","targetHints":{"allow":["GET"]}}],"collection":[{"href":"https:\/\/vilolimpiezastecnicas.es\/en\/wp-json\/wp\/v2\/pages"}],"about":[{"href":"https:\/\/vilolimpiezastecnicas.es\/en\/wp-json\/wp\/v2\/types\/page"}],"author":[{"embeddable":true,"href":"https:\/\/vilolimpiezastecnicas.es\/en\/wp-json\/wp\/v2\/users\/1"}],"replies":[{"embeddable":true,"href":"https:\/\/vilolimpiezastecnicas.es\/en\/wp-json\/wp\/v2\/comments?post=2317"}],"version-history":[{"count":2,"href":"https:\/\/vilolimpiezastecnicas.es\/en\/wp-json\/wp\/v2\/pages\/2317\/revisions"}],"predecessor-version":[{"id":2765,"href":"https:\/\/vilolimpiezastecnicas.es\/en\/wp-json\/wp\/v2\/pages\/2317\/revisions\/2765"}],"wp:attachment":[{"href":"https:\/\/vilolimpiezastecnicas.es\/en\/wp-json\/wp\/v2\/media?parent=2317"}],"curies":[{"name":"wp","href":"https:\/\/api.w.org\/{rel}","templated":true}]}}