{"id":2324,"date":"2023-04-28T10:42:41","date_gmt":"2023-04-28T08:42:41","guid":{"rendered":"https:\/\/vilolimpiezastecnicas.es\/legal-notice\/"},"modified":"2023-07-14T08:53:37","modified_gmt":"2023-07-14T06:53:37","slug":"legal-notice","status":"publish","type":"page","link":"https:\/\/vilolimpiezastecnicas.es\/en\/legal-notice\/","title":{"rendered":"Legal notice"},"content":{"rendered":"\t\t<div data-elementor-type=\"wp-page\" data-elementor-id=\"2324\" class=\"elementor elementor-2324 elementor-2129\" data-elementor-post-type=\"page\">\n\t\t\t\t\t\t<section class=\"elementor-section elementor-top-section elementor-element elementor-element-498e38a elementor-section-height-min-height elementor-section-boxed elementor-section-height-default elementor-section-items-middle\" data-id=\"498e38a\" data-element_type=\"section\" data-settings=\"{&quot;background_background&quot;:&quot;classic&quot;,&quot;jet_parallax_layout_list&quot;:[]}\">\n\t\t\t\t\t\t\t<div class=\"elementor-background-overlay\"><\/div>\n\t\t\t\t\t\t\t<div class=\"elementor-container elementor-column-gap-default\">\n\t\t\t\t\t<div class=\"elementor-column elementor-col-100 elementor-top-column elementor-element elementor-element-674e797\" data-id=\"674e797\" data-element_type=\"column\">\n\t\t\t<div class=\"elementor-widget-wrap elementor-element-populated\">\n\t\t\t\t\t\t\t<\/div>\n\t\t<\/div>\n\t\t\t\t\t<\/div>\n\t\t<\/section>\n\t\t\t\t<section class=\"elementor-section elementor-top-section elementor-element elementor-element-283013c elementor-section-boxed elementor-section-height-default elementor-section-height-default\" data-id=\"283013c\" data-element_type=\"section\" data-settings=\"{&quot;jet_parallax_layout_list&quot;:[]}\">\n\t\t\t\t\t\t<div class=\"elementor-container elementor-column-gap-default\">\n\t\t\t\t\t<div class=\"elementor-column elementor-col-100 elementor-top-column elementor-element elementor-element-bed3b4a\" data-id=\"bed3b4a\" data-element_type=\"column\">\n\t\t\t<div class=\"elementor-widget-wrap elementor-element-populated\">\n\t\t\t\t\t\t<div class=\"elementor-element elementor-element-dd12eac elementor-widget elementor-widget-text-editor\" data-id=\"dd12eac\" data-element_type=\"widget\" data-widget_type=\"text-editor.default\">\n\t\t\t\t<div class=\"elementor-widget-container\">\n\t\t\t\t\t\t\t\t\t<p><strong>Pol\u00edtica de Privacidad<\/strong><\/p>\n<p>De conformidad con lo establecido en la normativa vigente en Protecci\u00f3n de Datos de Car\u00e1cter Personal, le informamos que sus datos ser\u00e1n incorporados al sistema de tratamiento titularidad de VILO MEDITERR\u00c1NEO SL con CIF B57442964 y domicilio social sito en CALLE CASTELL\u00d3N 28, BAJOS A 07181, PALMANOVA (ILLES BALEARS), con finalidad de atender sus consultas y remitirle informaci\u00f3n relacionada que pueda ser de su inter\u00e9s. En cumplimiento con la normativa vigente, VILO MEDITERR\u00c1NEO SL informa que los datos ser\u00e1n conservados durante el plazo estrictamente necesario para cumplir con los preceptos mencionados con anterioridad.<\/p>\n<p>Mientras no nos comunique lo contrario, entendemos que sus datos no han sido modificados, que usted se compromete a notificarnos cualquier variaci\u00f3n y que tenemos su consentimiento para utilizarlos para las finalidades mencionadas.<\/p>\n<p>VILO MEDITERRANEO SL informa que proceder\u00e1 a tratar los datos de manera l\u00edcita, leal, transparente, adecuada, pertinente, limitada, exacta y actualizada. Es por ello por lo que VILO MEDITERR\u00c1NEO SL se compromete a adoptar todas las medidas razonables para que estos se supriman o rectifiquen sin dilaci\u00f3n cuando sean inexactos.<\/p>\n<p>De acuerdo con los derechos que le confiere la normativa vigente en protecci\u00f3n de datos podr\u00e1 ejercer los derechos de acceso, rectificaci\u00f3n, limitaci\u00f3n de tratamiento, supresi\u00f3n, portabilidad y oposici\u00f3n al tratamiento de sus datos de car\u00e1cter personal as\u00ed como del consentimiento presentado para el tratamiento de los mismos, dirigiendo su petici\u00f3n a la direcci\u00f3n postal indicada m\u00e1s arriba o al correo electr\u00f3nico INFO@VILOMEDITERRANEO.ES<\/p>\n<p>A su vez, le informamos que puede contactar con el Delegado de Protecci\u00f3n de Datos de VILO MEDITERR\u00c1NEO SL, por escrito a la direcci\u00f3n de correo dpo.clienteonversia.es y al tel\u00e9fono 902877192.<\/p>\n<p>Podr\u00e1 dirigirse a la Autoridad de Control competente para presentar la reclamaci\u00f3n que considere oportuna.<\/p>\n<p>Con env\u00edo del formulario de recogida de datos usted acepta la pol\u00edtica de privacidad de VILO MEDITERR\u00c1NEO SL.<\/p>\n<p><b>Aviso de Copyright<\/b><\/p>\n<p>VILO MEDITERR\u00c1NEO ostenta la titularidad del presente sitio web. Todos los derechos de propiedad industrial e intelectual sobre este portal de Internet est\u00e1n legalmente reservados, por lo que el acceso al mismo o su utilizaci\u00f3n, por parte del usuario, no debe considerarse, en forma alguna, como el otorgamiento de ninguna licencia de uso o derecho sobre cualquier activo. Los usuarios del sitio web \u00fanicamente podr\u00e1n realizar un uso privado, personal o profesional de los contenidos de \u00e9ste. Est\u00e1 absolutamente prohibido, el uso del sitio web o de alguno de sus elementos con fines comerciales o il\u00edcitos. No se podr\u00e1n realizar actos de reproducci\u00f3n, modificaci\u00f3n, distribuci\u00f3n o comunicaci\u00f3n p\u00fablica del sitio web sin el previo consentimiento por escrito de VILO MEDITERR\u00c1NEO.<\/p>\n<p>Queda prohibida la reproducci\u00f3n de los contenidos del sitio web, salvo que est\u00e9 permitido legalmente y se cite la procedencia o, en su defecto, se autorice por escrito lo contrario. En aquellos casos en que se produzca la necesaria autorizaci\u00f3n previa por escrito, dicha autorizaci\u00f3n sustituir\u00e1 la prohibici\u00f3n general antes citada y mencionar\u00e1 claramente las posibles restricciones de uso. VILO MEDITERR\u00c1NEO no asumir\u00e1 ninguna responsabilidad derivada del uso por terceros del contenido del sitio web y podr\u00e1 ejercitar todas las acciones civiles o penales que le correspondan en caso de infracci\u00f3n de estos derechos por parte del usuario.<\/p>\n<p><strong>Uso de Cookies<\/strong><\/p>\n<p>Parte de los servicios de personalizaci\u00f3n de VILO MEDITERR\u00c1NEO utilizan cookies. Una cookie es un archivo de texto muy peque\u00f1o que un servidor web puede guardar en el disco duro de un equipo para almacenar alg\u00fan tipo de informaci\u00f3n sobre el usuario. S\u00f3lo puede ser le\u00edda por el sitio web que lo envi\u00f3 al equipo. Normalmente los sitios web utilizan las cookies para obtener informaci\u00f3n estad\u00edstica sobre sus p\u00e1ginas web, y analizar el comportamiento de sus clientes.<\/p>\n<p>Una cookie no es un archivo ejecutable ni puede propagar o contener un virus, y no puede tener una longitud superior a 4.000 caracteres.<\/p>\n<p>VILO MEDITERR\u00c1NEO utiliza cookies con la exclusiva finalidad de elaborar estad\u00edsticas de utilizaci\u00f3n de su sitio web. La informaci\u00f3n que Vilo Mediterr\u00e1neo almacena en su equipo mediante este mecanismo consiste \u00fanicamente en un n\u00famero que identifica a un usuario, adem\u00e1s de preferencias como el idioma de navegaci\u00f3n preferido, y la fecha en la que se deposit\u00f3 la cookie. Esto permitir\u00e1 reconocerle en sus pr\u00f3ximas visitas a nuestro sitio web. Usted puede configurar su navegador para aceptar, o no, las cookies que recibe o para que el navegador le avise cuando un servidor quiera guardar una cookie.<\/p>\n<p><strong>Contacte con nosotros<\/strong><\/p>\n<p>Si tiene Ud. cualquier pregunta sobre nuestra Pol\u00edtica de Privacidad, o si le gustar\u00eda hacer cualquier sugerencia o recomendaci\u00f3n, por favor dir\u00edjase a nosotros a trav\u00e9s de la siguiente direcci\u00f3n de correo electr\u00f3nico: info@vilomediterraneo.com<\/p>\n<p><em>Sede Central Mallorca<\/em><br \/>C\/ Islas Canarias, 29<br \/>07170 Calvi\u00e0 \u2013 Baleares<br \/>Tel. 971 13 49 39<br \/>Email: info@vilomediterraneo.es<\/p>\n\t\t\t\t\t\t\t\t<\/div>\n\t\t\t\t<\/div>\n\t\t\t\t\t<\/div>\n\t\t<\/div>\n\t\t\t\t\t<\/div>\n\t\t<\/section>\n\t\t\t\t<\/div>\n\t\t","protected":false},"excerpt":{"rendered":"<p>Pol\u00edtica de Privacidad De conformidad con lo establecido en la normativa vigente en Protecci\u00f3n de Datos de Car\u00e1cter Personal, le informamos que sus datos ser\u00e1n incorporados al sistema de tratamiento titularidad de VILO MEDITERR\u00c1NEO SL con CIF B57442964 y domicilio social sito en CALLE CASTELL\u00d3N 28, BAJOS A 07181, PALMANOVA (ILLES BALEARS), con finalidad de [&hellip;]<\/p>\n","protected":false},"author":1,"featured_media":0,"parent":0,"menu_order":0,"comment_status":"closed","ping_status":"closed","template":"","meta":{"inline_featured_image":false,"footnotes":""},"class_list":["post-2324","page","type-page","status-publish","hentry"],"yoast_head":"<!-- This site is optimized with the Yoast SEO plugin v26.6 - https:\/\/yoast.com\/wordpress\/plugins\/seo\/ -->\n<title>Legal notice - Vilo Mediterr\u00e1neo<\/title>\n<meta name=\"robots\" content=\"noindex, nofollow\" \/>\n<meta property=\"og:locale\" content=\"en_US\" \/>\n<meta property=\"og:type\" content=\"article\" \/>\n<meta property=\"og:title\" content=\"Legal notice - Vilo Mediterr\u00e1neo\" \/>\n<meta property=\"og:description\" content=\"Pol\u00edtica de Privacidad De conformidad con lo establecido en la normativa vigente en Protecci\u00f3n de Datos de Car\u00e1cter Personal, le informamos que sus datos ser\u00e1n incorporados al sistema de tratamiento titularidad de VILO MEDITERR\u00c1NEO SL con CIF B57442964 y domicilio social sito en CALLE CASTELL\u00d3N 28, BAJOS A 07181, PALMANOVA (ILLES BALEARS), con finalidad de [&hellip;]\" \/>\n<meta property=\"og:url\" content=\"https:\/\/vilolimpiezastecnicas.es\/aviso-legal\/\" \/>\n<meta property=\"og:site_name\" content=\"Vilo Mediterr\u00e1neo\" \/>\n<meta property=\"article:modified_time\" content=\"2023-07-14T06:53:37+00:00\" \/>\n<meta property=\"og:image\" content=\"https:\/\/vilolimpiezastecnicas.es\/wp-content\/uploads\/2023\/04\/vilo-imagen-1200.jpg\" \/>\n\t<meta property=\"og:image:width\" content=\"1200\" \/>\n\t<meta property=\"og:image:height\" content=\"675\" \/>\n\t<meta property=\"og:image:type\" content=\"image\/jpeg\" \/>\n<meta name=\"twitter:card\" content=\"summary_large_image\" \/>\n<meta name=\"twitter:label1\" content=\"Est. reading time\" \/>\n\t<meta name=\"twitter:data1\" content=\"4 minutes\" \/>\n<script type=\"application\/ld+json\" class=\"yoast-schema-graph\">{\"@context\":\"https:\/\/schema.org\",\"@graph\":[{\"@type\":\"WebPage\",\"@id\":\"https:\/\/vilolimpiezastecnicas.es\/aviso-legal\/\",\"url\":\"https:\/\/vilolimpiezastecnicas.es\/aviso-legal\/\",\"name\":\"Legal notice - Vilo Mediterr\u00e1neo\",\"isPartOf\":{\"@id\":\"https:\/\/vilolimpiezastecnicas.es\/#website\"},\"datePublished\":\"2023-04-28T08:42:41+00:00\",\"dateModified\":\"2023-07-14T06:53:37+00:00\",\"breadcrumb\":{\"@id\":\"https:\/\/vilolimpiezastecnicas.es\/aviso-legal\/#breadcrumb\"},\"inLanguage\":\"en-US\",\"potentialAction\":[{\"@type\":\"ReadAction\",\"target\":[\"https:\/\/vilolimpiezastecnicas.es\/aviso-legal\/\"]}]},{\"@type\":\"BreadcrumbList\",\"@id\":\"https:\/\/vilolimpiezastecnicas.es\/aviso-legal\/#breadcrumb\",\"itemListElement\":[{\"@type\":\"ListItem\",\"position\":1,\"name\":\"Portada\",\"item\":\"https:\/\/vilolimpiezastecnicas.es\/\"},{\"@type\":\"ListItem\",\"position\":2,\"name\":\"Legal notice\"}]},{\"@type\":\"WebSite\",\"@id\":\"https:\/\/vilolimpiezastecnicas.es\/#website\",\"url\":\"https:\/\/vilolimpiezastecnicas.es\/\",\"name\":\"Vilo Mediterr\u00e1neo\",\"description\":\"Comprometidos con la limpieza total\",\"publisher\":{\"@id\":\"https:\/\/vilolimpiezastecnicas.es\/#organization\"},\"potentialAction\":[{\"@type\":\"SearchAction\",\"target\":{\"@type\":\"EntryPoint\",\"urlTemplate\":\"https:\/\/vilolimpiezastecnicas.es\/?s={search_term_string}\"},\"query-input\":{\"@type\":\"PropertyValueSpecification\",\"valueRequired\":true,\"valueName\":\"search_term_string\"}}],\"inLanguage\":\"en-US\"},{\"@type\":\"Organization\",\"@id\":\"https:\/\/vilolimpiezastecnicas.es\/#organization\",\"name\":\"Vilo Mediterr\u00e1neo\",\"url\":\"https:\/\/vilolimpiezastecnicas.es\/\",\"logo\":{\"@type\":\"ImageObject\",\"inLanguage\":\"en-US\",\"@id\":\"https:\/\/vilolimpiezastecnicas.es\/#\/schema\/logo\/image\/\",\"url\":\"https:\/\/vilolimpiezastecnicas.es\/wp-content\/uploads\/2023\/04\/vilo-imagen-212.jpg\",\"contentUrl\":\"https:\/\/vilolimpiezastecnicas.es\/wp-content\/uploads\/2023\/04\/vilo-imagen-212.jpg\",\"width\":212,\"height\":212,\"caption\":\"Vilo Mediterr\u00e1neo\"},\"image\":{\"@id\":\"https:\/\/vilolimpiezastecnicas.es\/#\/schema\/logo\/image\/\"}}]}<\/script>\n<!-- \/ Yoast SEO plugin. -->","yoast_head_json":{"title":"Legal notice - Vilo Mediterr\u00e1neo","robots":{"index":"noindex","follow":"nofollow"},"og_locale":"en_US","og_type":"article","og_title":"Legal notice - Vilo Mediterr\u00e1neo","og_description":"Pol\u00edtica de Privacidad De conformidad con lo establecido en la normativa vigente en Protecci\u00f3n de Datos de Car\u00e1cter Personal, le informamos que sus datos ser\u00e1n incorporados al sistema de tratamiento titularidad de VILO MEDITERR\u00c1NEO SL con CIF B57442964 y domicilio social sito en CALLE CASTELL\u00d3N 28, BAJOS A 07181, PALMANOVA (ILLES BALEARS), con finalidad de [&hellip;]","og_url":"https:\/\/vilolimpiezastecnicas.es\/aviso-legal\/","og_site_name":"Vilo Mediterr\u00e1neo","article_modified_time":"2023-07-14T06:53:37+00:00","og_image":[{"width":1200,"height":675,"url":"https:\/\/vilolimpiezastecnicas.es\/wp-content\/uploads\/2023\/04\/vilo-imagen-1200.jpg","type":"image\/jpeg"}],"twitter_card":"summary_large_image","twitter_misc":{"Est. reading time":"4 minutes"},"schema":{"@context":"https:\/\/schema.org","@graph":[{"@type":"WebPage","@id":"https:\/\/vilolimpiezastecnicas.es\/aviso-legal\/","url":"https:\/\/vilolimpiezastecnicas.es\/aviso-legal\/","name":"Legal notice - Vilo Mediterr\u00e1neo","isPartOf":{"@id":"https:\/\/vilolimpiezastecnicas.es\/#website"},"datePublished":"2023-04-28T08:42:41+00:00","dateModified":"2023-07-14T06:53:37+00:00","breadcrumb":{"@id":"https:\/\/vilolimpiezastecnicas.es\/aviso-legal\/#breadcrumb"},"inLanguage":"en-US","potentialAction":[{"@type":"ReadAction","target":["https:\/\/vilolimpiezastecnicas.es\/aviso-legal\/"]}]},{"@type":"BreadcrumbList","@id":"https:\/\/vilolimpiezastecnicas.es\/aviso-legal\/#breadcrumb","itemListElement":[{"@type":"ListItem","position":1,"name":"Portada","item":"https:\/\/vilolimpiezastecnicas.es\/"},{"@type":"ListItem","position":2,"name":"Legal notice"}]},{"@type":"WebSite","@id":"https:\/\/vilolimpiezastecnicas.es\/#website","url":"https:\/\/vilolimpiezastecnicas.es\/","name":"Vilo Mediterr\u00e1neo","description":"Comprometidos con la limpieza total","publisher":{"@id":"https:\/\/vilolimpiezastecnicas.es\/#organization"},"potentialAction":[{"@type":"SearchAction","target":{"@type":"EntryPoint","urlTemplate":"https:\/\/vilolimpiezastecnicas.es\/?s={search_term_string}"},"query-input":{"@type":"PropertyValueSpecification","valueRequired":true,"valueName":"search_term_string"}}],"inLanguage":"en-US"},{"@type":"Organization","@id":"https:\/\/vilolimpiezastecnicas.es\/#organization","name":"Vilo Mediterr\u00e1neo","url":"https:\/\/vilolimpiezastecnicas.es\/","logo":{"@type":"ImageObject","inLanguage":"en-US","@id":"https:\/\/vilolimpiezastecnicas.es\/#\/schema\/logo\/image\/","url":"https:\/\/vilolimpiezastecnicas.es\/wp-content\/uploads\/2023\/04\/vilo-imagen-212.jpg","contentUrl":"https:\/\/vilolimpiezastecnicas.es\/wp-content\/uploads\/2023\/04\/vilo-imagen-212.jpg","width":212,"height":212,"caption":"Vilo Mediterr\u00e1neo"},"image":{"@id":"https:\/\/vilolimpiezastecnicas.es\/#\/schema\/logo\/image\/"}}]}},"_links":{"self":[{"href":"https:\/\/vilolimpiezastecnicas.es\/en\/wp-json\/wp\/v2\/pages\/2324","targetHints":{"allow":["GET"]}}],"collection":[{"href":"https:\/\/vilolimpiezastecnicas.es\/en\/wp-json\/wp\/v2\/pages"}],"about":[{"href":"https:\/\/vilolimpiezastecnicas.es\/en\/wp-json\/wp\/v2\/types\/page"}],"author":[{"embeddable":true,"href":"https:\/\/vilolimpiezastecnicas.es\/en\/wp-json\/wp\/v2\/users\/1"}],"replies":[{"embeddable":true,"href":"https:\/\/vilolimpiezastecnicas.es\/en\/wp-json\/wp\/v2\/comments?post=2324"}],"version-history":[{"count":1,"href":"https:\/\/vilolimpiezastecnicas.es\/en\/wp-json\/wp\/v2\/pages\/2324\/revisions"}],"predecessor-version":[{"id":2325,"href":"https:\/\/vilolimpiezastecnicas.es\/en\/wp-json\/wp\/v2\/pages\/2324\/revisions\/2325"}],"wp:attachment":[{"href":"https:\/\/vilolimpiezastecnicas.es\/en\/wp-json\/wp\/v2\/media?parent=2324"}],"curies":[{"name":"wp","href":"https:\/\/api.w.org\/{rel}","templated":true}]}}